{"id":43,"date":"2025-02-16T09:59:16","date_gmt":"2025-02-16T08:59:16","guid":{"rendered":"https:\/\/sortdupeuple.org\/?page_id=43"},"modified":"2025-02-21T15:59:02","modified_gmt":"2025-02-21T14:59:02","slug":"mentions-legales","status":"publish","type":"page","link":"https:\/\/sortdupeuple.org\/?page_id=43","title":{"rendered":"Mentions l\u00e9gales"},"content":{"rendered":"\n<p><strong>H\u00e9bergement :<br><\/strong>Blog h\u00e9berg\u00e9 par \u00a0OVH, 2 rue Kellermann, 59100 Roubaix, France.<br>Blog \u00e9dit\u00e9 \u00e0 titre non professionnel, cf.\u00a0<a href=\"https:\/\/www.legifrance.gouv.fr\/loda\/article_lc\/LEGIARTI000049568614\">art. 1-1, II, de la loi n\u00b0 2004-575 du 21 juin 2004 sur la confiance dans l\u2019\u00e9conomie num\u00e9rique<\/a>.<\/p>\n","protected":false},"excerpt":{"rendered":"<p>H\u00e9bergement :Blog h\u00e9berg\u00e9 par \u00a0OVH, 2 rue Kellermann, 59100 Roubaix, France.Blog \u00e9dit\u00e9 \u00e0 titre non professionnel, cf.\u00a0art. 1-1, II, de la loi n\u00b0 2004-575 du 21 juin 2004 sur la confiance dans l\u2019\u00e9conomie num\u00e9rique.<\/p>\n","protected":false},"author":1,"featured_media":0,"parent":0,"menu_order":0,"comment_status":"closed","ping_status":"closed","template":"","meta":{"footnotes":""},"class_list":["post-43","page","type-page","status-publish","hentry"],"_links":{"self":[{"href":"https:\/\/sortdupeuple.org\/index.php?rest_route=\/wp\/v2\/pages\/43","targetHints":{"allow":["GET"]}}],"collection":[{"href":"https:\/\/sortdupeuple.org\/index.php?rest_route=\/wp\/v2\/pages"}],"about":[{"href":"https:\/\/sortdupeuple.org\/index.php?rest_route=\/wp\/v2\/types\/page"}],"author":[{"embeddable":true,"href":"https:\/\/sortdupeuple.org\/index.php?rest_route=\/wp\/v2\/users\/1"}],"replies":[{"embeddable":true,"href":"https:\/\/sortdupeuple.org\/index.php?rest_route=%2Fwp%2Fv2%2Fcomments&post=43"}],"version-history":[{"count":3,"href":"https:\/\/sortdupeuple.org\/index.php?rest_route=\/wp\/v2\/pages\/43\/revisions"}],"predecessor-version":[{"id":68,"href":"https:\/\/sortdupeuple.org\/index.php?rest_route=\/wp\/v2\/pages\/43\/revisions\/68"}],"wp:attachment":[{"href":"https:\/\/sortdupeuple.org\/index.php?rest_route=%2Fwp%2Fv2%2Fmedia&parent=43"}],"curies":[{"name":"wp","href":"https:\/\/api.w.org\/{rel}","templated":true}]}}