{"id":32,"date":"2025-02-16T09:52:03","date_gmt":"2025-02-16T08:52:03","guid":{"rendered":"https:\/\/sortdupeuple.org\/?page_id=32"},"modified":"2025-02-21T15:57:36","modified_gmt":"2025-02-21T14:57:36","slug":"militer","status":"publish","type":"page","link":"http:\/\/sortdupeuple.org\/?page_id=32","title":{"rendered":"Militer"},"content":{"rendered":"\n<p>Nous vous proposons ici des ressources pour vous documenter et vous mobiliser. <br>Promouvoir le tirage au sort et la d\u00e9mocratie r\u00e9elle est l\u2019affaire de tous\u00b7tes.<\/p>\n\n\n\n<div style=\"height:25px\" aria-hidden=\"true\" class=\"wp-block-spacer\"><\/div>\n\n\n\n<h2 class=\"wp-block-heading\">Vid\u00e9os<\/h2>\n\n\n\n<div style=\"height:25px\" aria-hidden=\"true\" id=\"Videos\" class=\"wp-block-spacer\"><\/div>\n\n\n\n<figure class=\"wp-block-embed is-type-video is-provider-youtube wp-block-embed-youtube wp-embed-aspect-16-9 wp-has-aspect-ratio\"><div class=\"wp-block-embed__wrapper\">\n<iframe loading=\"lazy\" title=\"Passer \u00e0 la Sixi\u00e8me R\u00e9publique, pourquoi, comment !? \u2212 Conf\u00e9rence\" width=\"500\" height=\"281\" src=\"https:\/\/www.youtube.com\/embed\/3tN9gMCNnww?feature=oembed\" frameborder=\"0\" allow=\"accelerometer; autoplay; clipboard-write; encrypted-media; gyroscope; picture-in-picture; web-share\" referrerpolicy=\"strict-origin-when-cross-origin\" allowfullscreen><\/iframe>\n<\/div><\/figure>\n\n\n\n<div style=\"height:25px\" aria-hidden=\"true\" class=\"wp-block-spacer\"><\/div>\n\n\n\n<h2 class=\"wp-block-heading\" id=\"Tracts\">Tracts<\/h2>\n\n\n\n<div data-wp-interactive=\"core\/file\" class=\"wp-block-file\"><object data-wp-bind--hidden=\"!state.hasPdfPreview\" hidden class=\"wp-block-file__embed\" data=\"https:\/\/sortdupeuple.org\/wp-content\/uploads\/2025\/02\/Tract-2412.pdf\" type=\"application\/pdf\" style=\"width:100%;height:600px\" aria-label=\"Contenu embarqu\u00e9 Tract-2412.\"><\/object><a id=\"wp-block-file--media-b5f3c093-6f11-4305-b2f0-47aee6244bec\" href=\"https:\/\/sortdupeuple.org\/wp-content\/uploads\/2025\/02\/Tract-2412.pdf\">Tract-2412<\/a><a href=\"https:\/\/sortdupeuple.org\/wp-content\/uploads\/2025\/02\/Tract-2412.pdf\" class=\"wp-block-file__button wp-element-button\" download aria-describedby=\"wp-block-file--media-b5f3c093-6f11-4305-b2f0-47aee6244bec\">T\u00e9l\u00e9charger<\/a><\/div>\n\n\n\n<div style=\"height:25px\" aria-hidden=\"true\" class=\"wp-block-spacer\"><\/div>\n\n\n\n<h2 class=\"wp-block-heading\" id=\"Biblio\">Biblio<\/h2>\n\n\n\n<p>Van Reybrouck, David, Philippe Noble, et Isabelle Rosselin.&nbsp;<em>Contre les \u00e9lections<\/em>. Arles : Actes Sud. 2014. (Babel ; n\u02da&nbsp;1231).<\/p>\n\n\n\n<p>Testart, Jacques,&nbsp;<em>L\u2019Humanitude au pouvoir, comment les citoyens peuvent d\u00e9cider du bien commun<\/em>. Paris : \u00c9ditions du Seuil. 2015<\/p>\n\n\n\n<p>Blondiaux, Lo\u00efc et Bernard Manin.&nbsp;<em>Le tournant d\u00e9lib\u00e9ratif de la d\u00e9mocratie:<\/em>&nbsp;[s.l.] : Presses de Sciences Po. 2021. En ligne : https:\/\/cairn.info\/le-tournant-deliberatif-de-la-democratie-2021\u20139782724624908.htm.<\/p>\n\n\n\n<p>Bonin Hugo.&nbsp;<em>La D\u00e9mocratie hasardeuse: \u00e9lections ou tirage au sort \/ Hugo Bonin\u202f; pr\u00e9face d\u2019Alain Deneault<\/em>. Nouvelle \u00e9dition augment\u00e9e. Montr\u00e9al (Qu\u00e9bec) : XYZ \u00e9diteur. 2018.<\/p>\n\n\n\n<p>Sintomer, Yves.&nbsp;<em>Petite histoire de l\u2019exp\u00e9rimentation d\u00e9mocratique: tirage au sort et politique d\u2019Ath\u00e8nes \u00e0 nos jours<\/em>. Paris : La D\u00e9couverte\/Poche. 2011. 291&nbsp;p.&nbsp;<\/p>\n\n\n\n<p>Delannoi, Gil.&nbsp;<em>Le tirage au sort: comment l\u2019utiliser?<\/em>&nbsp;Paris : Presses de Sciences Po. 2019. 148&nbsp;p. (Nouveaux d\u00e9bats ; n\u02da&nbsp;51)<\/p>\n\n\n\n<p>Manin, Bernard.&nbsp;<em>Principes du gouvernement repr\u00e9sentatif<\/em>. Paris : Calmann-L\u00e9vy. 1995. 319&nbsp;p. (Libert\u00e9 de l\u2019esprit).<\/p>\n\n\n\n<p>Callenbach, Ernest et Michael Phillips.&nbsp;<em>A citizen legislature<\/em>. Berkeley, Calif.\u202f: Bodega, Calif : Banyan Tree Books\u202f; Clear Glass. 1985. 90&nbsp;p.<\/p>\n\n\n\n<p>Gastil, John et Erik Olin Wright.&nbsp;<em>Legislature by Lot: transformative designs for deliberative governance<\/em>. London New York : Verso. 2019. 436&nbsp;p. (The real utopias project).<\/p>\n\n\n\n<p>Guerrero, Alexander A.&nbsp;<em>Against Elections: The Lottocratic Alternative<\/em>. 2014. En ligne : https:\/\/papers.ssrn.com\/abstract=2488791.<\/p>\n\n\n\n<p>Landemore, H\u00e9l\u00e8ne.&nbsp;<em>Open Democracy: Reinventing Popular Rule for the Twenty-First Century<\/em>. [s.l.] : Princeton University Press. 2020. En ligne : https:\/\/www.degruyter.com\/document\/doi\/10.1515\/9780691208725\/html.<\/p>\n\n\n\n<p>Pope, Maurice.&nbsp;<em>The keys to democracy: sortition as a new model for citizen power<\/em>. Exeter : Imprint Academic. 2023. 232&nbsp;p. (Sortition and public policy).<\/p>\n\n\n\n<p>Sintomer, Yves.&nbsp;<em>The Government of Chance: Sortition and Democracy from Athens to the Present<\/em>. New York : Cambridge University Press. 2023. 314&nbsp;p.<\/p>\n\n\n\n<p>L\u00ea Quan Phong, And\u00e9ol.&nbsp;<em>Du Sort \u00e0 la Loi\u202f: \u00e0 la recherche d\u2019une proc\u00e9dure pour les assembl\u00e9es tir\u00e9es au sort<\/em>, report. Paris : Sciences po Paris. 2023. 142 p. En ligne : https:\/\/andeol-lequanphong.com\/.<\/p>\n\n\n\n<p>Roche-No\u00ebl, Alph\u00e9e.&nbsp;\u00ab Derri\u00e8re le tirage au sort, un reflet plus juste de la soci\u00e9t\u00e9 \u00bb. AOC.media. En ligne :&nbsp;https:\/\/aoc.media\/opinion\/2024\/05\/19\/derriere-le-tirage-au-sort-un-reflet-plus-juste-de-la-societe\/.<\/p>\n","protected":false},"excerpt":{"rendered":"<p>Nous vous proposons ici des ressources pour vous documenter et vous mobiliser. Promouvoir le tirage au sort et la d\u00e9mocratie r\u00e9elle est l\u2019affaire de tous\u00b7tes. Vid\u00e9os Tracts Biblio Van Reybrouck, David, Philippe Noble, et Isabelle Rosselin.&nbsp;Contre les \u00e9lections. Arles : Actes Sud. 2014. (Babel ; n\u02da&nbsp;1231). Testart, Jacques,&nbsp;L\u2019Humanitude au pouvoir, comment les citoyens peuvent d\u00e9cider [&hellip;]<\/p>\n","protected":false},"author":1,"featured_media":0,"parent":0,"menu_order":0,"comment_status":"closed","ping_status":"closed","template":"","meta":{"footnotes":""},"class_list":["post-32","page","type-page","status-publish","hentry"],"_links":{"self":[{"href":"http:\/\/sortdupeuple.org\/index.php?rest_route=\/wp\/v2\/pages\/32","targetHints":{"allow":["GET"]}}],"collection":[{"href":"http:\/\/sortdupeuple.org\/index.php?rest_route=\/wp\/v2\/pages"}],"about":[{"href":"http:\/\/sortdupeuple.org\/index.php?rest_route=\/wp\/v2\/types\/page"}],"author":[{"embeddable":true,"href":"http:\/\/sortdupeuple.org\/index.php?rest_route=\/wp\/v2\/users\/1"}],"replies":[{"embeddable":true,"href":"http:\/\/sortdupeuple.org\/index.php?rest_route=%2Fwp%2Fv2%2Fcomments&post=32"}],"version-history":[{"count":10,"href":"http:\/\/sortdupeuple.org\/index.php?rest_route=\/wp\/v2\/pages\/32\/revisions"}],"predecessor-version":[{"id":63,"href":"http:\/\/sortdupeuple.org\/index.php?rest_route=\/wp\/v2\/pages\/32\/revisions\/63"}],"wp:attachment":[{"href":"http:\/\/sortdupeuple.org\/index.php?rest_route=%2Fwp%2Fv2%2Fmedia&parent=32"}],"curies":[{"name":"wp","href":"https:\/\/api.w.org\/{rel}","templated":true}]}}